{"id":3,"date":"2025-02-10T19:03:33","date_gmt":"2025-02-10T18:03:33","guid":{"rendered":"https:\/\/ramassageenviro.com\/?page_id=3"},"modified":"2025-02-14T21:50:47","modified_gmt":"2025-02-14T20:50:47","slug":"privacy-policy","status":"publish","type":"page","link":"https:\/\/ramassageenviro.com\/fr\/privacy-policy\/","title":{"rendered":"Politique De Confidentialit\u00e9"},"content":{"rendered":"<p><strong>1. D\u00e9claration<\/strong><\/p>\n\n\n\n<p><br>1.1. \u00c0\u00a0<strong>Ramassage Enviro<\/strong>, nous reconnaissons l'importance de prot\u00e9ger votre vie priv\u00e9e. C'est pourquoi nous nous engageons \u00e0 prot\u00e9ger la confidentialit\u00e9 des informations des utilisateurs. Cette politique de confidentialit\u00e9 d\u00e9crit la mani\u00e8re dont nous collectons, utilisons, partageons et prot\u00e9geons vos informations personnelles lorsque vous interagissez avec notre site Web. Il explique \u00e9galement comment vous pouvez acc\u00e9der, mettre \u00e0 jour ou exercer vos droits sur vos donn\u00e9es personnelles.<\/p>\n\n\n\n<p>1.2. En utilisant ce site Web, vous acceptez les termes de cette politique de confidentialit\u00e9.<\/p>\n\n\n\n<p><strong>2. D\u00e9finitions<\/strong><br>2.1. Les \u00ab\u00a0informations personnelles\u00a0\u00bb font r\u00e9f\u00e9rence \u00e0 toute donn\u00e9e permettant d'identifier un individu, telle que d\u00e9finie par les lois applicables en mati\u00e8re de protection des donn\u00e9es.<\/p>\n\n\n\n<p>2.2. \u00ab Lois sur la protection des donn\u00e9es \u00bb d\u00e9signe les lois et r\u00e9glementations applicables concernant la confidentialit\u00e9 des donn\u00e9es, y compris les dispositions locales et f\u00e9d\u00e9rales.<\/p>\n\n\n\n<p>2.3. \u00ab\u00a0Politique de confidentialit\u00e9\u00a0\u00bb fait r\u00e9f\u00e9rence \u00e0 ce document, qui r\u00e9git la collecte, l'utilisation et la gestion des informations personnelles.<\/p>\n\n\n\n<p><strong>3. Engagement envers la confidentialit\u00e9<\/strong><br>Nous nous engageons \u00e0 d\u00e9passer les exigences minimales des lois applicables pour assurer la protection des donn\u00e9es des utilisateurs.<\/p>\n\n\n\n<p><strong>4. Collecte de renseignements personnels<\/strong><br>4.1. Lorsque vous utilisez notre site Web, nous pouvons collecter des informations personnelles, notamment\u00a0:<\/p>\n\n\n\n<ul class=\"wp-block-list\">\n<li>Nom complet, adresse e-mail et num\u00e9ro de t\u00e9l\u00e9phone\u00a0;<\/li>\n\n\n\n<li>Adresses postales et de facturation\u00a0;<\/li>\n\n\n\n<li>Informations de paiement (le cas \u00e9ch\u00e9ant pour les transactions)\u00a0;<\/li>\n\n\n\n<li>Historique de navigation sur le site Web, y compris l'adresse IP, le type de navigateur et le syst\u00e8me d'exploitation\u00a0;<\/li>\n\n\n\n<li>Pr\u00e9f\u00e9rences de l'utilisateur via les cookies (avec votre consentement).<\/li>\n<\/ul>\n\n\n\n<p><strong>5. Utilisation des cookies<\/strong><br>5.1. Notre site Web utilise des cookies pour\u00a0:<\/p>\n\n\n\n<ul class=\"wp-block-list\">\n<li>Vous reconna\u00eetre lors des visites;<\/li>\n\n\n\n<li>Optimisez votre exp\u00e9rience utilisateur\u00a0;<\/li>\n\n\n\n<li>Analyser les performances du site Web.<\/li>\n<\/ul>\n\n\n\n<p>5.2. Vous pouvez g\u00e9rer vos pr\u00e9f\u00e9rences en mati\u00e8re de cookies directement via les param\u00e8tres de votre navigateur.<\/p>\n\n\n\n<p><strong>6. Objectif de la collecte d'informations<\/strong><br>6.1. Nous collectons vos informations personnelles pour :<\/p>\n\n\n\n<ul class=\"wp-block-list\">\n<li>R\u00e9pondre \u00e0 vos demandes ou traiter vos commandes ;<\/li>\n\n\n\n<li>Am\u00e9liorer le contenu et les fonctionnalit\u00e9s de notre site Web\u00a0;<\/li>\n\n\n\n<li>Fournir des services personnalis\u00e9s et vous informer des mises \u00e0 jour pertinentes.<\/li>\n<\/ul>\n\n\n\n<p>6.2. Vos donn\u00e9es ne seront pas utilis\u00e9es sans votre consentement explicite, sauf si la loi l'exige.<\/p>\n\n\n\n<p><strong>7. S\u00e9curit\u00e9 et stockage des donn\u00e9es<\/strong><br>Nous avons mis en \u0153uvre des mesures physiques, organisationnelles et technologiques pour prot\u00e9ger vos informations personnelles contre tout acc\u00e8s non autoris\u00e9 ou toute perte.<\/p>\n\n\n\n<p><strong>8. Responsabilit\u00e9<\/strong><br>8.1.&nbsp;<strong>Ramassage Enviro<\/strong>&nbsp;est responsable de toutes les informations personnelles collect\u00e9es et trait\u00e9es via notre site Web.<\/p>\n\n\n\n<p>8.2. For questions or requests regarding your personal information, you can contact us:<\/p>\n\n\n\n<ul class=\"wp-block-list\">\n<li><strong>Nom de l'entreprise<\/strong>: Ramassage Enviro<\/li>\n\n\n\n<li><strong>Adresse<\/strong>: 433, rue Chabanel Ouest, Montr\u00e9al, Qu\u00e9bec H2N 2J9<\/li>\n\n\n\n<li><strong>T\u00e9l\u00e9phone<\/strong>: &nbsp;514-569-8700<\/li>\n<\/ul>\n\n\n\n<p><strong>9. Divulgation d'informations<\/strong><br>Nous ne partagerons pas vos informations personnelles avec des tiers sans votre consentement, sauf si la loi l'exige.<\/p>\n\n\n\n<p><strong>10. Vos droits<\/strong><br>Vous disposez d'un droit d'acc\u00e8s, de rectification ou de demande de suppression de vos donn\u00e9es personnelles. Pour exercer ces droits, contactez-nous en utilisant les informations ci-dessus.<\/p>\n\n\n\n<p><strong>11. Modifications de la politique<\/strong><br>Nous nous r\u00e9servons le droit de modifier cette politique \u00e0 tout moment. Toutes les mises \u00e0 jour seront publi\u00e9es sur notre site Web.<\/p>","protected":false},"excerpt":{"rendered":"<p>1. Statement 1.1. At\u00a0Ramassage Enviro, we recognize the importance of protecting your privacy. That\u2019s why we are committed to safeguarding the confidentiality of user information. This privacy policy outlines how we collect, use, share, and protect your personal information when you interact with our website. It also explains how you can access, update, or exercise [&hellip;]<\/p>","protected":false},"author":1,"featured_media":0,"parent":0,"menu_order":0,"comment_status":"closed","ping_status":"open","template":"","meta":{"_acf_changed":false,"_monsterinsights_skip_tracking":false,"_monsterinsights_sitenote_active":false,"_monsterinsights_sitenote_note":"","_monsterinsights_sitenote_category":0,"footnotes":""},"class_list":["post-3","page","type-page","status-publish","hentry"],"acf":[],"aioseo_notices":[],"_links":{"self":[{"href":"https:\/\/ramassageenviro.com\/fr\/wp-json\/wp\/v2\/pages\/3","targetHints":{"allow":["GET"]}}],"collection":[{"href":"https:\/\/ramassageenviro.com\/fr\/wp-json\/wp\/v2\/pages"}],"about":[{"href":"https:\/\/ramassageenviro.com\/fr\/wp-json\/wp\/v2\/types\/page"}],"author":[{"embeddable":true,"href":"https:\/\/ramassageenviro.com\/fr\/wp-json\/wp\/v2\/users\/1"}],"replies":[{"embeddable":true,"href":"https:\/\/ramassageenviro.com\/fr\/wp-json\/wp\/v2\/comments?post=3"}],"version-history":[{"count":3,"href":"https:\/\/ramassageenviro.com\/fr\/wp-json\/wp\/v2\/pages\/3\/revisions"}],"predecessor-version":[{"id":1950,"href":"https:\/\/ramassageenviro.com\/fr\/wp-json\/wp\/v2\/pages\/3\/revisions\/1950"}],"wp:attachment":[{"href":"https:\/\/ramassageenviro.com\/fr\/wp-json\/wp\/v2\/media?parent=3"}],"curies":[{"name":"wp","href":"https:\/\/api.w.org\/{rel}","templated":true}]}}