{"id":318,"date":"2024-08-10T16:19:47","date_gmt":"2024-08-10T16:19:47","guid":{"rendered":"https:\/\/solutek-wp.laralink.com\/?page_id=318"},"modified":"2025-03-01T23:47:52","modified_gmt":"2025-03-01T22:47:52","slug":"about-us","status":"publish","type":"page","link":"https:\/\/ramassageenviro.com\/fr\/about-us\/","title":{"rendered":"\u00c0 propos"},"content":{"rendered":"<div data-elementor-type=\"wp-page\" data-elementor-id=\"318\" class=\"elementor elementor-318\">\n\t\t\t\t<div class=\"elementor-element elementor-element-2eb01ea e-con-full e-flex e-con e-parent\" data-id=\"2eb01ea\" data-element_type=\"container\" data-e-type=\"container\">\n\t\t\t\t<div class=\"elementor-element elementor-element-0f517a7 elementor-widget elementor-widget-page-banner\" data-id=\"0f517a7\" data-element_type=\"widget\" data-e-type=\"widget\" data-widget_type=\"page-banner.default\">\n\t\t\t\t<div class=\"elementor-widget-container\">\n\t\t\t\t\t\r\n        <div class=\"breadcumb-area about\" data-src=\"https:\/\/ramassageenviro.com\/wp-content\/uploads\/2025\/02\/breadcumb-bg2.png\">\r\n            <div class=\"container\">\r\n                <div class=\"row\">\r\n                    <div class=\"col-lg-12\">\r\n                        <div class=\"breadcumb-content\">\r\n                            <h4>\u00c0 propos<\/h4>\r\n                                                    <\/div>\r\n                    <\/div>\r\n                <\/div>\r\n            <\/div>\r\n        <\/div>\r\n\r\n    \t\t\t\t<\/div>\n\t\t\t\t<\/div>\n\t\t\t\t<\/div>\n\t\t<div class=\"elementor-element elementor-element-8ab4256 e-con-full e-flex e-con e-parent\" data-id=\"8ab4256\" data-element_type=\"container\" data-e-type=\"container\">\n\t\t\t\t<div class=\"elementor-element elementor-element-0634bdc elementor-widget elementor-widget-about\" data-id=\"0634bdc\" data-element_type=\"widget\" data-e-type=\"widget\" data-widget_type=\"about.default\">\n\t\t\t\t<div class=\"elementor-widget-container\">\n\t\t\t\t\t\r\n        \r\n        <div class=\"about-us-area\">\r\n            <div class=\"container\">\r\n                <div class=\"row\">\r\n                    <div class=\"col-lg-6\">\r\n\r\n                                              <div class=\"section-title text-left\">\r\n                                                        <h5 class=\"section-sub-title\">Ramassage Enviro<\/h5>\r\n                                                         <h1 class=\"section-main-title\">\u00c9cologique <span>Nettoyage, <\/span> Adapt\u00e9 \u00e0 vos besoins\n<\/h1>                            \r\n                                                        <p class=\"section-title-descr\">Nous offrons un service de nettoyage et d'\u00e9limination des d\u00e9bris avec une touche personnelle. Notre approche \u00e9cologique permet de garder vos espaces propres, s\u00fbrs et accueillants. Choisissez la durabilit\u00e9 et la qualit\u00e9 \u00e0 chaque service !<\/p>\r\n                                                    <\/div>\r\n                        \r\n                        <div class=\"about-us-content\">\r\n                            <div class=\"about-us-list\">\r\n                                <ul>\r\n                                                                        <li><span>Fiable et durable<\/span><\/li>\r\n                                                                     <\/ul>\r\n                            <\/div>\r\n                            <div class=\"solutek-btn\">\r\n                                <a href=\"https:\/\/ramassageenviro.com\/fr\/our-services\/\" target=\"_self\" rel=\"nofollow\" class=\"btn-2\" >EXPLOREZ PLUS                                    <div class=\"solutek-hover-btn hover-bx\"><\/div>\r\n                                    <div class=\"solutek-hover-btn hover-bx2\"><\/div>\r\n                                    <div class=\"solutek-hover-btn hover-bx3\"><\/div>\r\n                                    <div class=\"solutek-hover-btn hover-bx4\"><\/div>\r\n                                <\/a>\r\n                            <\/div>\r\n                            <div class=\"col-lg-3 col-md-6 col-sm-6\">\r\n                                <div class=\"single-counter-box\">\r\n                                    <div class=\"counter-icon\">\r\n                                        <img decoding=\"async\" src=\"\" alt=\"\">\r\n                                    <\/div>\r\n                                    <div class=\"counter-content\">\r\n                                                                                <h4 class=\"counter\">40 +\n\n<\/h4>\r\n                                                                                <span class=\"plus-color-area\">+<\/span>\r\n                                                                                <p>Clients satisfaits<\/p>\r\n                                                                            <\/div>\r\n                                <\/div>\r\n                            <\/div>\r\n                        <\/div>\r\n                    <\/div>\r\n                    <div class=\"col-lg-6\">\r\n                        <div class=\"about-us-thumb\">\r\n                            <div class=\"about-us-img\">\r\n                                <img decoding=\"async\" src=\"https:\/\/ramassageenviro.com\/wp-content\/uploads\/2025\/03\/about-us-rammsage2.png\" alt=\"\">\r\n                            <\/div>\r\n                                                        <div class=\"about-us-shape\">\r\n                                <img decoding=\"async\" src=\"https:\/\/ramassageenviro.com\/wp-content\/themes\/solutek\/assets\/images\/inner\/us-shape.png\" alt=\"shape\">\r\n                            <\/div>\r\n                        <\/div>\r\n                    <\/div>\r\n                <\/div>\r\n                <div class=\"about2-us-shape\">\r\n                    <img decoding=\"async\" src=\"https:\/\/ramassageenviro.com\/wp-content\/themes\/solutek\/assets\/images\/inner\/about-us-sh.png\" alt=\"shape\">\r\n                <\/div>\r\n                <div class=\"about-us-shape2\">\r\n                    <img decoding=\"async\" src=\"https:\/\/ramassageenviro.com\/wp-content\/themes\/solutek\/assets\/images\/inner\/about-us-she.png\" alt=\"shape\">\r\n                <\/div>\r\n            <\/div>\r\n        <\/div>\r\n\r\n        \r\n    \t\t\t\t<\/div>\n\t\t\t\t<\/div>\n\t\t\t\t<\/div>\n\t\t<div class=\"elementor-element elementor-element-95b5dbf e-con-full e-flex e-con e-parent\" data-id=\"95b5dbf\" data-element_type=\"container\" data-e-type=\"container\">\n\t\t\t\t<div class=\"elementor-element elementor-element-07648b3 video-add elementor-widget elementor-widget-about\" data-id=\"07648b3\" data-element_type=\"widget\" data-e-type=\"widget\" data-widget_type=\"about.default\">\n\t\t\t\t<div class=\"elementor-widget-container\">\n\t\t\t\t\t\r\n        \r\n        <div class=\"about-section\" data-src=\"\">\r\n            <div class=\"container\">\r\n                <div class=\"row align-items-center\">\r\n                    <div class=\"col-lg-6 col-lg-6\">\r\n                        <div class=\"about-thumb\">\r\n                            <img decoding=\"async\" src=\"https:\/\/ramassageenviro.com\/wp-content\/uploads\/2025\/02\/our-mission-about-scaled.jpg\" alt=\"\">\r\n                        <\/div>\r\n                    <\/div>\r\n                    <div class=\"col-lg-6\">\r\n                        <div class=\"about-contact\">\r\n                                                      <div class=\"section-title text-left\">\r\n                                                                <h5 class=\"section-sub-title\">Ramassage Enviro<\/h5>\r\n                                                                 <h1 class=\"section-main-title\">Notre <span>mission et nos valeurs<\/span>\n<\/h1>                            \r\n                                                                <p class=\"section-title-descr\">Nous nous engageons \u00e0 fournir des services d\u2019entretien de qualit\u00e9 sup\u00e9rieure qui contribuent \u00e0 des communaut\u00e9s plus propres, plus saines et plus durables. Gr\u00e2ce \u00e0 l\u2019excellence, \u00e0 la durabilit\u00e9 et \u00e0 une approche ax\u00e9e sur le client, nous offrons un service sup\u00e9rieur avec professionnalisme et des pratiques respectueuses de l\u2019environnement. En comprenant et en d\u00e9passant les attentes de nos clients, nous \u00e9tablissons des relations durables et favorisons un avenir plus vert. Joignez-vous \u00e0 nous pour cr\u00e9er des espaces plus propres dans le Grand Montr\u00e9al et avoir un impact positif sur notre environnement.<\/p>\r\n                                                            <\/div>\r\n                            \r\n                            <div class=\"about-box-item\">\r\n                                <div class=\"about-box d-flex align-items-center\">\r\n                                    <div class=\"about-icon\">\r\n                                        <img decoding=\"async\" src=\"\" alt=\"\">\r\n                                    <\/div>\r\n                                     \r\n\r\n                                <\/div>\r\n                                <div class=\"about-box d-flex align-items-center\">\r\n                                    <div class=\"about-icon\">\r\n                                        <img decoding=\"async\" src=\"\" alt=\"\">\r\n                                    <\/div>\r\n                                    <div class=\"about-tiltle\">\r\n                                        <h3><\/h3>\r\n                                    <\/div>\r\n                                <\/div>\r\n                            <\/div>\r\n                            <div class=\"about-item-list\">\r\n                                <ul>\r\n                                                                        <li>Un service sup\u00e9rieur gr\u00e2ce \u00e0 l'expertise et au professionnalisme.<\/li>\r\n                                                                        <li>Des pratiques \u00e9cologiques pour un avenir plus vert.<\/li>\r\n                                                                        <li>D\u00e9passer les attentes et \u00e9tablir des relations durables.<\/li>\r\n                                                                    <\/ul>\r\n                            <\/div>\r\n                            <div class=\"solutek-btn\">\r\n                                <a href=\"https:\/\/ramassageenviro.com\/fr\/contact\/\" target=\"_self\" rel=\"nofollow\" class=\"btn-2\" >EXPLOREZ PLUS                                    <div class=\"solutek-hover-btn hover-bx\"><\/div>\r\n                                    <div class=\"solutek-hover-btn hover-bx2\"><\/div>\r\n                                    <div class=\"solutek-hover-btn hover-bx3\"><\/div>\r\n                                    <div class=\"solutek-hover-btn hover-bx4\"><\/div>\r\n                                <\/a>\r\n                            <\/div>\r\n                        <\/div>\r\n                    <\/div>\r\n                <\/div>\r\n            <\/div>\r\n        <\/div>\r\n\r\n         \r\n    \t\t\t\t<\/div>\n\t\t\t\t<\/div>\n\t\t\t\t<\/div>\n\t\t<div class=\"elementor-element elementor-element-3c79419 e-con-full elementor-hidden-tablet elementor-hidden-mobile e-flex e-con e-parent\" data-id=\"3c79419\" data-element_type=\"container\" data-e-type=\"container\" data-settings=\"{&quot;background_background&quot;:&quot;classic&quot;}\">\n\t\t\t\t<\/div>\n\t\t<div class=\"elementor-element elementor-element-1ac8830 e-con-full e-flex e-con e-parent\" data-id=\"1ac8830\" data-element_type=\"container\" data-e-type=\"container\">\n\t\t\t\t<div class=\"elementor-element elementor-element-11e3cd0 elementor-widget elementor-widget-blogpost\" data-id=\"11e3cd0\" data-element_type=\"widget\" data-e-type=\"widget\" data-widget_type=\"blogpost.default\">\n\t\t\t\t<div class=\"elementor-widget-container\">\n\t\t\t\t\t\r\n           \r\n\r\n        <div class=\"blog-area blog-post-style\">\r\n            <div class=\"container\">\r\n                                <div class=\"row align-items-center\">\r\n                    <div class=\"col-lg-6\">\r\n                        <div class=\"section-title text-left\">\r\n                                                        <h5 class=\"section-sub-title\">NOTRE DERNIER BLOG<\/h5>\r\n                                                        <h1 class=\"section-main-title\">Explorer son potentiel dans <br> divers <span>secteurs.<\/span><\/h1>                            \r\n                        <\/div>\r\n                    <\/div>\r\n                    <div class=\"col-lg-6\">\r\n                        <div class=\"project-right\">\r\n                            <div class=\"solutek-btn\">\r\n                                <a href=\"https:\/\/ramassageenviro.com\/fr\/blog\/\" target=\"_self\" rel=\"nofollow\" class=\"cs_btn cs_style_1 cs_btn_white\">VOIR TOUS LES ARTICLES                                    <div class=\"solutek-hover-btn hover-bx\"><\/div>\r\n                                    <div class=\"solutek-hover-btn hover-bx2\"><\/div>\r\n                                    <div class=\"solutek-hover-btn hover-bx3\"><\/div>\r\n                                    <div class=\"solutek-hover-btn hover-bx4\"><\/div>\r\n                                <\/a>\r\n                            <\/div>\r\n                        <\/div>\r\n                    <\/div>\r\n                <\/div>\r\n                                <div class=\"row\">\r\n                    <div class=\"cs_blog_group_1\">\r\n                    \r\n                                                <div class=\"blog-singele-box\">\r\n                            <div class=\"blog-thumb\">\r\n                                <img fetchpriority=\"high\" decoding=\"async\" width=\"2560\" height=\"1649\" src=\"https:\/\/ramassageenviro.com\/wp-content\/uploads\/2024\/08\/eco-cleaning-article-scaled.jpg\" class=\"attachment-219 size-219 wp-post-image\" alt=\"\" full=\"\" srcset=\"https:\/\/ramassageenviro.com\/wp-content\/uploads\/2024\/08\/eco-cleaning-article-scaled.jpg 2560w, https:\/\/ramassageenviro.com\/wp-content\/uploads\/2024\/08\/eco-cleaning-article-300x193.jpg 300w, https:\/\/ramassageenviro.com\/wp-content\/uploads\/2024\/08\/eco-cleaning-article-1024x659.jpg 1024w, https:\/\/ramassageenviro.com\/wp-content\/uploads\/2024\/08\/eco-cleaning-article-768x495.jpg 768w, https:\/\/ramassageenviro.com\/wp-content\/uploads\/2024\/08\/eco-cleaning-article-1536x989.jpg 1536w, https:\/\/ramassageenviro.com\/wp-content\/uploads\/2024\/08\/eco-cleaning-article-2048x1319.jpg 2048w, https:\/\/ramassageenviro.com\/wp-content\/uploads\/2024\/08\/eco-cleaning-article-18x12.jpg 18w\" sizes=\"(max-width: 2560px) 100vw, 2560px\" \/>                            <\/div>\r\n                            <div class=\"blog-content\">\r\n                                <div class=\"blog-date\">\r\n                                    <h4><i class=\"bi bi-calendar2-check\"><\/i>20 June 2024 <span><i class=\"bi bi-chat-left-text\"><\/i>Aucun commentaire<\/span><\/h4>\r\n                                <\/div>\r\n                                <h3 class=\"blog-title\"><a href=\"https:\/\/ramassageenviro.com\/fr\/the-importance-of-eco-friendly-cleaning-in-urban-spaces\/\">L'importance du nettoyage \u00e9cologique dans les espaces urbains<\/a><\/h3>\r\n                                                   \r\n                                <p class=\"blog-tex\">Dans les environnements urbains d\u2019aujourd\u2019hui au rythme effr\u00e9n\u00e9, le maintien de la propret\u00e9 va au-del\u00e0 de l\u2019esth\u00e9tique ; il a un impact direct sur la sant\u00e9 publique, la s\u00e9curit\u00e9 et la durabilit\u00e9.<\/p>\r\n                                                        \r\n                                <div class=\"blog-btn\">\r\n                                    <a href=\"https:\/\/ramassageenviro.com\/fr\/the-importance-of-eco-friendly-cleaning-in-urban-spaces\/\">READ MORE<i class=\"bi bi-arrow-right\"><\/i><\/a>\r\n                                <\/div>\r\n                            <\/div>\r\n                        <\/div>\r\n                                                \r\n                                                <div class=\"blog-singele-box-tow\">\r\n                            <div class=\"blog-thumb-tow\">\r\n                                <img decoding=\"async\" width=\"2560\" height=\"1348\" src=\"https:\/\/ramassageenviro.com\/wp-content\/uploads\/2025\/02\/parking-lot-cleaning-blog-scaled.jpg\" class=\"attachment-2337 size-2337 wp-post-image\" alt=\"\" full=\"\" srcset=\"https:\/\/ramassageenviro.com\/wp-content\/uploads\/2025\/02\/parking-lot-cleaning-blog-scaled.jpg 2560w, https:\/\/ramassageenviro.com\/wp-content\/uploads\/2025\/02\/parking-lot-cleaning-blog-300x158.jpg 300w, https:\/\/ramassageenviro.com\/wp-content\/uploads\/2025\/02\/parking-lot-cleaning-blog-1024x539.jpg 1024w, https:\/\/ramassageenviro.com\/wp-content\/uploads\/2025\/02\/parking-lot-cleaning-blog-768x404.jpg 768w, https:\/\/ramassageenviro.com\/wp-content\/uploads\/2025\/02\/parking-lot-cleaning-blog-1536x809.jpg 1536w, https:\/\/ramassageenviro.com\/wp-content\/uploads\/2025\/02\/parking-lot-cleaning-blog-2048x1078.jpg 2048w, https:\/\/ramassageenviro.com\/wp-content\/uploads\/2025\/02\/parking-lot-cleaning-blog-18x9.jpg 18w\" sizes=\"(max-width: 2560px) 100vw, 2560px\" \/>                            <\/div>\r\n                            <div class=\"blog-content-tow\">\r\n                                <div class=\"blog-date-tow\">\r\n                                    <h4><i class=\"bi bi-calendar2-check\"><\/i>Jan 26, 2025 <span><i class=\"bi bi-chat-left-text\"><\/i>Aucun commentaire<\/span><\/h4>\r\n                                <\/div>\r\n                                <h3 class=\"blog-title-two\"><a href=\"https:\/\/ramassageenviro.com\/fr\/parking-lot-cleaning-services-keeping-your-property-clean-and-safe\/\">Services de nettoyage de parkings : gardez votre propri\u00e9t\u00e9 propre et s\u00fbre<\/a><\/h3>\r\n                            \r\n                                <p class=\"blog-tex-tow\">A clean and well-maintained parking lot is essential for businesses, shopping centers, and residential complexes. Over time, dirt,<\/p>\r\n                                                                <div class=\"blog-btn-tow\">\r\n                                    <a href=\"https:\/\/ramassageenviro.com\/fr\/parking-lot-cleaning-services-keeping-your-property-clean-and-safe\/\">READ MORE<i class=\"bi bi-arrow-right\"><\/i><\/a>\r\n                                <\/div>\r\n                            <\/div>\r\n                        <\/div>\r\n                                                \r\n                                                <div class=\"blog-singele-box-tow\">\r\n                            <div class=\"blog-thumb-tow\">\r\n                                <img decoding=\"async\" width=\"2560\" height=\"1707\" src=\"https:\/\/ramassageenviro.com\/wp-content\/uploads\/2025\/02\/parking-lot-commerical-cleaning-blog-scaled.jpg\" class=\"attachment-2341 size-2341 wp-post-image\" alt=\"\" full=\"\" srcset=\"https:\/\/ramassageenviro.com\/wp-content\/uploads\/2025\/02\/parking-lot-commerical-cleaning-blog-scaled.jpg 2560w, https:\/\/ramassageenviro.com\/wp-content\/uploads\/2025\/02\/parking-lot-commerical-cleaning-blog-300x200.jpg 300w, https:\/\/ramassageenviro.com\/wp-content\/uploads\/2025\/02\/parking-lot-commerical-cleaning-blog-1024x683.jpg 1024w, https:\/\/ramassageenviro.com\/wp-content\/uploads\/2025\/02\/parking-lot-commerical-cleaning-blog-768x512.jpg 768w, https:\/\/ramassageenviro.com\/wp-content\/uploads\/2025\/02\/parking-lot-commerical-cleaning-blog-1536x1024.jpg 1536w, https:\/\/ramassageenviro.com\/wp-content\/uploads\/2025\/02\/parking-lot-commerical-cleaning-blog-2048x1365.jpg 2048w, https:\/\/ramassageenviro.com\/wp-content\/uploads\/2025\/02\/parking-lot-commerical-cleaning-blog-18x12.jpg 18w\" sizes=\"(max-width: 2560px) 100vw, 2560px\" \/>                            <\/div>\r\n                            <div class=\"blog-content-tow\">\r\n                                <div class=\"blog-date-tow\">\r\n                                    <h4><i class=\"bi bi-calendar2-check\"><\/i>Jan 30, 2025 <span><i class=\"bi bi-chat-left-text\"><\/i>Aucun commentaire<\/span><\/h4>\r\n                                <\/div>\r\n                                <h3 class=\"blog-title-two\"><a href=\"https:\/\/ramassageenviro.com\/fr\/commercial-industrial-parking-lot-cleaning-professional-solutions-for-your-business\/\">Nettoyage de parkings commerciaux et industriels : des solutions professionnelles pour votre entreprise<\/a><\/h3>\r\n                            \r\n                                <p class=\"blog-tex-tow\">For commercial and industrial properties, maintaining a clean and safe parking lot is crucial for business operations, employee<\/p>\r\n                                                                <div class=\"blog-btn-tow\">\r\n                                    <a href=\"https:\/\/ramassageenviro.com\/fr\/commercial-industrial-parking-lot-cleaning-professional-solutions-for-your-business\/\">READ MORE<i class=\"bi bi-arrow-right\"><\/i><\/a>\r\n                                <\/div>\r\n                            <\/div>\r\n                        <\/div>\r\n                                                                    <\/div>\r\n\r\n                <\/div>\r\n            <\/div>\r\n        <\/div>\r\n\r\n        \r\n\r\n       \t\t\t\t<\/div>\n\t\t\t\t<\/div>\n\t\t\t\t<\/div>\n\t\t\t\t<\/div>","protected":false},"excerpt":{"rendered":"<p>About Us Ramassage Enviro Eco-Friendly Cleaning, Tailored for You We provide expert cleaning and debris removal with a personal touch. Our eco-friendly approach keeps your spaces clean, safe, and welcoming. Choose sustainability and quality with every service! Trustworthy, Sustainable EXPLORE MORE 40 + + Satisfied Clients Ramassage Enviro Our Mission &amp; Values We are committed [&hellip;]<\/p>","protected":false},"author":1,"featured_media":0,"parent":0,"menu_order":0,"comment_status":"closed","ping_status":"closed","template":"elementor_header_footer","meta":{"_acf_changed":false,"_monsterinsights_skip_tracking":false,"_monsterinsights_sitenote_active":false,"_monsterinsights_sitenote_note":"","_monsterinsights_sitenote_category":0,"footnotes":""},"class_list":["post-318","page","type-page","status-publish","hentry"],"acf":[],"aioseo_notices":[],"_links":{"self":[{"href":"https:\/\/ramassageenviro.com\/fr\/wp-json\/wp\/v2\/pages\/318","targetHints":{"allow":["GET"]}}],"collection":[{"href":"https:\/\/ramassageenviro.com\/fr\/wp-json\/wp\/v2\/pages"}],"about":[{"href":"https:\/\/ramassageenviro.com\/fr\/wp-json\/wp\/v2\/types\/page"}],"author":[{"embeddable":true,"href":"https:\/\/ramassageenviro.com\/fr\/wp-json\/wp\/v2\/users\/1"}],"replies":[{"embeddable":true,"href":"https:\/\/ramassageenviro.com\/fr\/wp-json\/wp\/v2\/comments?post=318"}],"version-history":[{"count":91,"href":"https:\/\/ramassageenviro.com\/fr\/wp-json\/wp\/v2\/pages\/318\/revisions"}],"predecessor-version":[{"id":2803,"href":"https:\/\/ramassageenviro.com\/fr\/wp-json\/wp\/v2\/pages\/318\/revisions\/2803"}],"wp:attachment":[{"href":"https:\/\/ramassageenviro.com\/fr\/wp-json\/wp\/v2\/media?parent=318"}],"curies":[{"name":"wp","href":"https:\/\/api.w.org\/{rel}","templated":true}]}}