{"id":327,"date":"2024-08-10T16:23:00","date_gmt":"2024-08-10T16:23:00","guid":{"rendered":"https:\/\/solutek-wp.laralink.com\/?page_id=327"},"modified":"2025-02-10T19:09:47","modified_gmt":"2025-02-10T18:09:47","slug":"pricing","status":"publish","type":"page","link":"https:\/\/ramassageenviro.com\/fr\/pricing\/","title":{"rendered":"Pricing"},"content":{"rendered":"<div data-elementor-type=\"wp-page\" data-elementor-id=\"327\" class=\"elementor elementor-327\">\n\t\t\t\t<div class=\"elementor-element elementor-element-537552f e-con-full e-flex e-con e-parent\" data-id=\"537552f\" data-element_type=\"container\">\n\t\t\t\t<div class=\"elementor-element elementor-element-dcb6e97 elementor-widget elementor-widget-page-banner\" data-id=\"dcb6e97\" data-element_type=\"widget\" data-widget_type=\"page-banner.default\">\n\t\t\t\t<div class=\"elementor-widget-container\">\n\t\t\t\t\t\r\n        <div class=\"breadcumb-area about\" data-src=\"\">\r\n            <div class=\"container\">\r\n                <div class=\"row\">\r\n                    <div class=\"col-lg-12\">\r\n                        <div class=\"breadcumb-content\">\r\n                            <h4>Pricing<\/h4>\r\n                                                        <ul class=\"breadcumb-list\">\r\n                                <li><a href=\"\/fr\/index.html\/\">Accueil<\/a><\/li>\r\n                                <li class=\"list-arrow\">&lt;<\/li>\r\n                                <li>Pricing<\/li>\r\n                            <\/ul>\r\n                                                    <\/div>\r\n                    <\/div>\r\n                <\/div>\r\n            <\/div>\r\n        <\/div>\r\n\r\n    \t\t\t\t<\/div>\n\t\t\t\t<\/div>\n\t\t\t\t<\/div>\n\t\t<div class=\"elementor-element elementor-element-9cd458f e-con-full e-flex e-con e-parent\" data-id=\"9cd458f\" data-element_type=\"container\">\n\t\t\t\t<div class=\"elementor-element elementor-element-840b606 elementor-widget elementor-widget-tp-heading\" data-id=\"840b606\" data-element_type=\"widget\" data-widget_type=\"tp-heading.default\">\n\t\t\t\t<div class=\"elementor-widget-container\">\n\t\t\t\t\t\r\n\r\n        \r\n        <div class=\"container\">\r\n            <div class=\"row align-items-center\">\r\n                <div class=\"col-lg-7\">\r\n                    <div class=\"section-title text-left\">\r\n                                                <h5 class=\"section-sub-title\">Start Business<\/h5>\r\n                                                <h1 class=\"section-main-title\">Choose Your Best Plan<\/h1>                        \r\n                    <\/div>\r\n                <\/div>\r\n                                <div class=\"col-lg-5\">\r\n                    <div class=\"section-title text-left\">\r\n                        <p class=\"section-descr\">paradigms. Monotonectally extend open-source mvia competitive methods of empowerment dri revolutionize stand- business.<\/p>\r\n                    <\/div>\r\n                <\/div>\r\n                             <\/div>\r\n        <\/div>\r\n\r\n        \r\n        \t\t\t\t<\/div>\n\t\t\t\t<\/div>\n\t\t\t\t<\/div>\n\t\t<div class=\"elementor-element elementor-element-a1a566d e-flex e-con-boxed e-con e-parent\" data-id=\"a1a566d\" data-element_type=\"container\">\n\t\t\t\t\t<div class=\"e-con-inner\">\n\t\t<div class=\"elementor-element elementor-element-5c2bdd6 e-con-full e-flex e-con e-child\" data-id=\"5c2bdd6\" data-element_type=\"container\">\n\t\t\t\t<div class=\"elementor-element elementor-element-6c30492 elementor-widget elementor-widget-tp-pricing\" data-id=\"6c30492\" data-element_type=\"widget\" data-widget_type=\"tp-pricing.default\">\n\t\t\t\t<div class=\"elementor-widget-container\">\n\t\t\t\t\t\r\n        <div class=\"pricing-single-box\">\r\n            <div class=\"pricing-head\">\r\n                <h1 class=\"priching-doller\">&#036;49<\/h1>\r\n                                <h3 class=\"priching-title\">Standard Plan<\/h3>\r\n                            <\/div>\r\n            <div class=\"pricing-body\">\r\n                <ul class=\"pricing-list\">\r\n                                        <li><i class=\"bi bi-check-circle\"><\/i>30 Days Trial Features<\/li>\r\n                                        <li><i class=\"bi bi-check-circle\"><\/i>Multi-Language Content<\/li>\r\n                                        <li><i class=\"bi bi-check-circle\"><\/i>Unlimited Features<\/li>\r\n                                        <li><i class=\"bi bi-check-circle\"><\/i>Data backup and recovery<\/li>\r\n                                        <li><i class=\"bi bi-check-circle\"><\/i>Synced To Cloud Database<\/li>\r\n                                    <\/ul>\r\n                <div class=\"solutek-btn\">\r\n                    <a href=\"#\" target=\"_blank\" rel=\"nofollow\" class=\"cs_btn\" >Choose Plan                        <div class=\"solutek-hover-btn hover-bx\"><\/div>\r\n                        <div class=\"solutek-hover-btn hover-bx2\"><\/div>\r\n                        <div class=\"solutek-hover-btn hover-bx3\"><\/div>\r\n                        <div class=\"solutek-hover-btn hover-bx4\"><\/div>\r\n                    <\/a>\r\n                <\/div>\r\n            <\/div>\r\n        <\/div>\r\n\r\n    \t\t\t\t<\/div>\n\t\t\t\t<\/div>\n\t\t\t\t<\/div>\n\t\t<div class=\"elementor-element elementor-element-8c0bbb7 e-con-full e-flex e-con e-child\" data-id=\"8c0bbb7\" data-element_type=\"container\">\n\t\t\t\t<div class=\"elementor-element elementor-element-67a6970 elementor-widget elementor-widget-tp-pricing\" data-id=\"67a6970\" data-element_type=\"widget\" data-widget_type=\"tp-pricing.default\">\n\t\t\t\t<div class=\"elementor-widget-container\">\n\t\t\t\t\t\r\n        <div class=\"pricing-single-box\">\r\n            <div class=\"pricing-head\">\r\n                <h1 class=\"priching-doller\">&#036;59<\/h1>\r\n                                <h3 class=\"priching-title\">Basic Plan<\/h3>\r\n                            <\/div>\r\n            <div class=\"pricing-body\">\r\n                <ul class=\"pricing-list\">\r\n                                        <li><i class=\"bi bi-check-circle\"><\/i>30 Days Trial Features<\/li>\r\n                                        <li><i class=\"bi bi-check-circle\"><\/i>Multi-Language Content<\/li>\r\n                                        <li><i class=\"bi bi-check-circle\"><\/i>Unlimited Features<\/li>\r\n                                        <li><i class=\"bi bi-check-circle\"><\/i>Data backup and recovery<\/li>\r\n                                        <li><i class=\"bi bi-check-circle\"><\/i>Synced To Cloud Database<\/li>\r\n                                    <\/ul>\r\n                <div class=\"solutek-btn\">\r\n                    <a href=\"#\" target=\"_blank\" rel=\"nofollow\" class=\"cs_btn\" >Choose Plan                        <div class=\"solutek-hover-btn hover-bx\"><\/div>\r\n                        <div class=\"solutek-hover-btn hover-bx2\"><\/div>\r\n                        <div class=\"solutek-hover-btn hover-bx3\"><\/div>\r\n                        <div class=\"solutek-hover-btn hover-bx4\"><\/div>\r\n                    <\/a>\r\n                <\/div>\r\n            <\/div>\r\n        <\/div>\r\n\r\n    \t\t\t\t<\/div>\n\t\t\t\t<\/div>\n\t\t\t\t<\/div>\n\t\t<div class=\"elementor-element elementor-element-696b870 e-con-full e-flex e-con e-child\" data-id=\"696b870\" data-element_type=\"container\">\n\t\t\t\t<div class=\"elementor-element elementor-element-e2c431d elementor-widget elementor-widget-tp-pricing\" data-id=\"e2c431d\" data-element_type=\"widget\" data-widget_type=\"tp-pricing.default\">\n\t\t\t\t<div class=\"elementor-widget-container\">\n\t\t\t\t\t\r\n        <div class=\"pricing-single-box\">\r\n            <div class=\"pricing-head\">\r\n                <h1 class=\"priching-doller\">&#036;69<\/h1>\r\n                                <h3 class=\"priching-title\">Beginner Plan<\/h3>\r\n                            <\/div>\r\n            <div class=\"pricing-body\">\r\n                <ul class=\"pricing-list\">\r\n                                        <li><i class=\"bi bi-check-circle\"><\/i>30 Days Trial Features<\/li>\r\n                                        <li><i class=\"bi bi-check-circle\"><\/i>Multi-Language Content<\/li>\r\n                                        <li><i class=\"bi bi-check-circle\"><\/i>Unlimited Features<\/li>\r\n                                        <li><i class=\"bi bi-check-circle\"><\/i>Data backup and recovery<\/li>\r\n                                        <li><i class=\"bi bi-check-circle\"><\/i>Synced To Cloud Database<\/li>\r\n                                    <\/ul>\r\n                <div class=\"solutek-btn\">\r\n                    <a href=\"#\" target=\"_blank\" rel=\"nofollow\" class=\"cs_btn\" >Choose Plan                        <div class=\"solutek-hover-btn hover-bx\"><\/div>\r\n                        <div class=\"solutek-hover-btn hover-bx2\"><\/div>\r\n                        <div class=\"solutek-hover-btn hover-bx3\"><\/div>\r\n                        <div class=\"solutek-hover-btn hover-bx4\"><\/div>\r\n                    <\/a>\r\n                <\/div>\r\n            <\/div>\r\n        <\/div>\r\n\r\n    \t\t\t\t<\/div>\n\t\t\t\t<\/div>\n\t\t\t\t<\/div>\n\t\t<div class=\"elementor-element elementor-element-5c7ac1a e-con-full e-flex e-con e-child\" data-id=\"5c7ac1a\" data-element_type=\"container\">\n\t\t\t\t<div class=\"elementor-element elementor-element-dc18acc elementor-widget elementor-widget-tp-pricing\" data-id=\"dc18acc\" data-element_type=\"widget\" data-widget_type=\"tp-pricing.default\">\n\t\t\t\t<div class=\"elementor-widget-container\">\n\t\t\t\t\t\r\n        <div class=\"pricing-single-box\">\r\n            <div class=\"pricing-head\">\r\n                <h1 class=\"priching-doller\">&#036;79<\/h1>\r\n                                <h3 class=\"priching-title\">Premium Plan<\/h3>\r\n                            <\/div>\r\n            <div class=\"pricing-body\">\r\n                <ul class=\"pricing-list\">\r\n                                        <li><i class=\"bi bi-check-circle\"><\/i>30 Days Trial Features<\/li>\r\n                                        <li><i class=\"bi bi-check-circle\"><\/i>Multi-Language Content<\/li>\r\n                                        <li><i class=\"bi bi-check-circle\"><\/i>Unlimited Features<\/li>\r\n                                        <li><i class=\"bi bi-check-circle\"><\/i>Data backup and recovery<\/li>\r\n                                        <li><i class=\"bi bi-check-circle\"><\/i>Synced To Cloud Database<\/li>\r\n                                    <\/ul>\r\n                <div class=\"solutek-btn\">\r\n                    <a href=\"#\" target=\"_blank\" rel=\"nofollow\" class=\"cs_btn\" >Choose Plan                        <div class=\"solutek-hover-btn hover-bx\"><\/div>\r\n                        <div class=\"solutek-hover-btn hover-bx2\"><\/div>\r\n                        <div class=\"solutek-hover-btn hover-bx3\"><\/div>\r\n                        <div class=\"solutek-hover-btn hover-bx4\"><\/div>\r\n                    <\/a>\r\n                <\/div>\r\n            <\/div>\r\n        <\/div>\r\n\r\n    \t\t\t\t<\/div>\n\t\t\t\t<\/div>\n\t\t\t\t<\/div>\n\t\t\t\t\t<\/div>\n\t\t\t\t<\/div>\n\t\t<div class=\"elementor-element elementor-element-b1e8b77 e-con-full e-flex e-con e-parent\" data-id=\"b1e8b77\" data-element_type=\"container\">\n\t\t\t\t<div class=\"elementor-element elementor-element-a47d5d8 elementor-widget elementor-widget-blogpost\" data-id=\"a47d5d8\" data-element_type=\"widget\" data-widget_type=\"blogpost.default\">\n\t\t\t\t<div class=\"elementor-widget-container\">\n\t\t\t\t\t\r\n           \r\n\r\n        <div class=\"blog-area blog-post-style\">\r\n            <div class=\"container\">\r\n                                <div class=\"row align-items-center\">\r\n                    <div class=\"col-lg-6\">\r\n                        <div class=\"section-title text-left\">\r\n                                                        <h5 class=\"section-sub-title\">NOTRE DERNIER BLOG<\/h5>\r\n                                                        <h1 class=\"section-main-title\">Explorer son potentiel dans <br> divers <span>secteurs.<\/span><\/h1>                            \r\n                        <\/div>\r\n                    <\/div>\r\n                    <div class=\"col-lg-6\">\r\n                        <div class=\"project-right\">\r\n                            <div class=\"solutek-btn\">\r\n                                <a href=\"https:\/\/ramassageenviro.com\/fr\/blog\/\" target=\"_self\" rel=\"nofollow\" class=\"cs_btn cs_style_1 cs_btn_white\">VOIR TOUS LES ARTICLES                                    <div class=\"solutek-hover-btn hover-bx\"><\/div>\r\n                                    <div class=\"solutek-hover-btn hover-bx2\"><\/div>\r\n                                    <div class=\"solutek-hover-btn hover-bx3\"><\/div>\r\n                                    <div class=\"solutek-hover-btn hover-bx4\"><\/div>\r\n                                <\/a>\r\n                            <\/div>\r\n                        <\/div>\r\n                    <\/div>\r\n                <\/div>\r\n                                <div class=\"row\">\r\n                    <div class=\"cs_blog_group_1\">\r\n                    \r\n                                                <div class=\"blog-singele-box\">\r\n                            <div class=\"blog-thumb\">\r\n                                <img fetchpriority=\"high\" decoding=\"async\" width=\"2560\" height=\"1649\" src=\"https:\/\/ramassageenviro.com\/wp-content\/uploads\/2024\/08\/eco-cleaning-article-scaled.jpg\" class=\"attachment-219 size-219 wp-post-image\" alt=\"\" full=\"\" srcset=\"https:\/\/ramassageenviro.com\/wp-content\/uploads\/2024\/08\/eco-cleaning-article-scaled.jpg 2560w, https:\/\/ramassageenviro.com\/wp-content\/uploads\/2024\/08\/eco-cleaning-article-300x193.jpg 300w, https:\/\/ramassageenviro.com\/wp-content\/uploads\/2024\/08\/eco-cleaning-article-1024x659.jpg 1024w, https:\/\/ramassageenviro.com\/wp-content\/uploads\/2024\/08\/eco-cleaning-article-768x495.jpg 768w, https:\/\/ramassageenviro.com\/wp-content\/uploads\/2024\/08\/eco-cleaning-article-1536x989.jpg 1536w, https:\/\/ramassageenviro.com\/wp-content\/uploads\/2024\/08\/eco-cleaning-article-2048x1319.jpg 2048w, https:\/\/ramassageenviro.com\/wp-content\/uploads\/2024\/08\/eco-cleaning-article-18x12.jpg 18w\" sizes=\"(max-width: 2560px) 100vw, 2560px\" \/>                            <\/div>\r\n                            <div class=\"blog-content\">\r\n                                <div class=\"blog-date\">\r\n                                    <h4><i class=\"bi bi-calendar2-check\"><\/i>20 June 2024 <span><i class=\"bi bi-chat-left-text\"><\/i>Aucun commentaire<\/span><\/h4>\r\n                                <\/div>\r\n                                <h3 class=\"blog-title\"><a href=\"https:\/\/ramassageenviro.com\/fr\/the-importance-of-eco-friendly-cleaning-in-urban-spaces\/\">L'importance du nettoyage \u00e9cologique dans les espaces urbains<\/a><\/h3>\r\n                                                   \r\n                                <p class=\"blog-tex\">Dans les environnements urbains d\u2019aujourd\u2019hui au rythme effr\u00e9n\u00e9, le maintien de la propret\u00e9 va au-del\u00e0 de l\u2019esth\u00e9tique ; il a un impact direct sur la sant\u00e9 publique, la s\u00e9curit\u00e9 et la durabilit\u00e9.<\/p>\r\n                                                        \r\n                                <div class=\"blog-btn\">\r\n                                    <a href=\"https:\/\/ramassageenviro.com\/fr\/the-importance-of-eco-friendly-cleaning-in-urban-spaces\/\">READ MORE<i class=\"bi bi-arrow-right\"><\/i><\/a>\r\n                                <\/div>\r\n                            <\/div>\r\n                        <\/div>\r\n                                                \r\n                                                <div class=\"blog-singele-box-tow\">\r\n                            <div class=\"blog-thumb-tow\">\r\n                                <img decoding=\"async\" width=\"2560\" height=\"1348\" src=\"https:\/\/ramassageenviro.com\/wp-content\/uploads\/2025\/02\/parking-lot-cleaning-blog-scaled.jpg\" class=\"attachment-2337 size-2337 wp-post-image\" alt=\"\" full=\"\" srcset=\"https:\/\/ramassageenviro.com\/wp-content\/uploads\/2025\/02\/parking-lot-cleaning-blog-scaled.jpg 2560w, https:\/\/ramassageenviro.com\/wp-content\/uploads\/2025\/02\/parking-lot-cleaning-blog-300x158.jpg 300w, https:\/\/ramassageenviro.com\/wp-content\/uploads\/2025\/02\/parking-lot-cleaning-blog-1024x539.jpg 1024w, https:\/\/ramassageenviro.com\/wp-content\/uploads\/2025\/02\/parking-lot-cleaning-blog-768x404.jpg 768w, https:\/\/ramassageenviro.com\/wp-content\/uploads\/2025\/02\/parking-lot-cleaning-blog-1536x809.jpg 1536w, https:\/\/ramassageenviro.com\/wp-content\/uploads\/2025\/02\/parking-lot-cleaning-blog-2048x1078.jpg 2048w, https:\/\/ramassageenviro.com\/wp-content\/uploads\/2025\/02\/parking-lot-cleaning-blog-18x9.jpg 18w\" sizes=\"(max-width: 2560px) 100vw, 2560px\" \/>                            <\/div>\r\n                            <div class=\"blog-content-tow\">\r\n                                <div class=\"blog-date-tow\">\r\n                                    <h4><i class=\"bi bi-calendar2-check\"><\/i>Jan 26, 2025 <span><i class=\"bi bi-chat-left-text\"><\/i>Aucun commentaire<\/span><\/h4>\r\n                                <\/div>\r\n                                <h3 class=\"blog-title-two\"><a href=\"https:\/\/ramassageenviro.com\/fr\/parking-lot-cleaning-services-keeping-your-property-clean-and-safe\/\">Services de nettoyage de parkings : gardez votre propri\u00e9t\u00e9 propre et s\u00fbre<\/a><\/h3>\r\n                            \r\n                                <p class=\"blog-tex-tow\">A clean and well-maintained parking lot is essential for businesses, shopping centers, and residential complexes. Over time, dirt,<\/p>\r\n                                                                <div class=\"blog-btn-tow\">\r\n                                    <a href=\"https:\/\/ramassageenviro.com\/fr\/parking-lot-cleaning-services-keeping-your-property-clean-and-safe\/\">READ MORE<i class=\"bi bi-arrow-right\"><\/i><\/a>\r\n                                <\/div>\r\n                            <\/div>\r\n                        <\/div>\r\n                                                \r\n                                                <div class=\"blog-singele-box-tow\">\r\n                            <div class=\"blog-thumb-tow\">\r\n                                <img decoding=\"async\" width=\"2560\" height=\"1707\" src=\"https:\/\/ramassageenviro.com\/wp-content\/uploads\/2025\/02\/parking-lot-commerical-cleaning-blog-scaled.jpg\" class=\"attachment-2341 size-2341 wp-post-image\" alt=\"\" full=\"\" srcset=\"https:\/\/ramassageenviro.com\/wp-content\/uploads\/2025\/02\/parking-lot-commerical-cleaning-blog-scaled.jpg 2560w, https:\/\/ramassageenviro.com\/wp-content\/uploads\/2025\/02\/parking-lot-commerical-cleaning-blog-300x200.jpg 300w, https:\/\/ramassageenviro.com\/wp-content\/uploads\/2025\/02\/parking-lot-commerical-cleaning-blog-1024x683.jpg 1024w, https:\/\/ramassageenviro.com\/wp-content\/uploads\/2025\/02\/parking-lot-commerical-cleaning-blog-768x512.jpg 768w, https:\/\/ramassageenviro.com\/wp-content\/uploads\/2025\/02\/parking-lot-commerical-cleaning-blog-1536x1024.jpg 1536w, https:\/\/ramassageenviro.com\/wp-content\/uploads\/2025\/02\/parking-lot-commerical-cleaning-blog-2048x1365.jpg 2048w, https:\/\/ramassageenviro.com\/wp-content\/uploads\/2025\/02\/parking-lot-commerical-cleaning-blog-18x12.jpg 18w\" sizes=\"(max-width: 2560px) 100vw, 2560px\" \/>                            <\/div>\r\n                            <div class=\"blog-content-tow\">\r\n                                <div class=\"blog-date-tow\">\r\n                                    <h4><i class=\"bi bi-calendar2-check\"><\/i>Jan 30, 2025 <span><i class=\"bi bi-chat-left-text\"><\/i>Aucun commentaire<\/span><\/h4>\r\n                                <\/div>\r\n                                <h3 class=\"blog-title-two\"><a href=\"https:\/\/ramassageenviro.com\/fr\/commercial-industrial-parking-lot-cleaning-professional-solutions-for-your-business\/\">Nettoyage de parkings commerciaux et industriels : des solutions professionnelles pour votre entreprise<\/a><\/h3>\r\n                            \r\n                                <p class=\"blog-tex-tow\">For commercial and industrial properties, maintaining a clean and safe parking lot is crucial for business operations, employee<\/p>\r\n                                                                <div class=\"blog-btn-tow\">\r\n                                    <a href=\"https:\/\/ramassageenviro.com\/fr\/commercial-industrial-parking-lot-cleaning-professional-solutions-for-your-business\/\">READ MORE<i class=\"bi bi-arrow-right\"><\/i><\/a>\r\n                                <\/div>\r\n                            <\/div>\r\n                        <\/div>\r\n                                                                    <\/div>\r\n\r\n                <\/div>\r\n            <\/div>\r\n        <\/div>\r\n\r\n        \r\n\r\n       \t\t\t\t<\/div>\n\t\t\t\t<\/div>\n\t\t\t\t<\/div>\n\t\t\t\t<\/div>","protected":false},"excerpt":{"rendered":"<p>Pricing Home &lt; Pricing Start Business Choose Your Best Plan paradigms. Monotonectally extend open-source mvia competitive methods of empowerment dri revolutionize stand- business. &#036;49 Standard Plan 30 Days Trial Features Multi-Language Content Unlimited Features Data backup and recovery Synced To Cloud Database Choose Plan &#036;59 Basic Plan 30 Days Trial Features Multi-Language Content Unlimited Features [&hellip;]<\/p>","protected":false},"author":1,"featured_media":0,"parent":0,"menu_order":0,"comment_status":"closed","ping_status":"closed","template":"elementor_header_footer","meta":{"_acf_changed":false,"_monsterinsights_skip_tracking":false,"_monsterinsights_sitenote_active":false,"_monsterinsights_sitenote_note":"","_monsterinsights_sitenote_category":0,"footnotes":""},"class_list":["post-327","page","type-page","status-publish","hentry"],"acf":[],"aioseo_notices":[],"_links":{"self":[{"href":"https:\/\/ramassageenviro.com\/fr\/wp-json\/wp\/v2\/pages\/327","targetHints":{"allow":["GET"]}}],"collection":[{"href":"https:\/\/ramassageenviro.com\/fr\/wp-json\/wp\/v2\/pages"}],"about":[{"href":"https:\/\/ramassageenviro.com\/fr\/wp-json\/wp\/v2\/types\/page"}],"author":[{"embeddable":true,"href":"https:\/\/ramassageenviro.com\/fr\/wp-json\/wp\/v2\/users\/1"}],"replies":[{"embeddable":true,"href":"https:\/\/ramassageenviro.com\/fr\/wp-json\/wp\/v2\/comments?post=327"}],"version-history":[{"count":1,"href":"https:\/\/ramassageenviro.com\/fr\/wp-json\/wp\/v2\/pages\/327\/revisions"}],"predecessor-version":[{"id":801,"href":"https:\/\/ramassageenviro.com\/fr\/wp-json\/wp\/v2\/pages\/327\/revisions\/801"}],"wp:attachment":[{"href":"https:\/\/ramassageenviro.com\/fr\/wp-json\/wp\/v2\/media?parent=327"}],"curies":[{"name":"wp","href":"https:\/\/api.w.org\/{rel}","templated":true}]}}