{"id":336,"date":"2024-08-10T16:26:21","date_gmt":"2024-08-10T16:26:21","guid":{"rendered":"https:\/\/solutek-wp.laralink.com\/?page_id=336"},"modified":"2025-02-19T16:35:32","modified_gmt":"2025-02-19T15:35:32","slug":"blog-grid","status":"publish","type":"page","link":"https:\/\/ramassageenviro.com\/fr\/blog-grid\/","title":{"rendered":"Blog Grid"},"content":{"rendered":"<div data-elementor-type=\"wp-page\" data-elementor-id=\"336\" class=\"elementor elementor-336\">\n\t\t\t\t<div class=\"elementor-element elementor-element-9b2f5e5 e-con-full e-flex e-con e-parent\" data-id=\"9b2f5e5\" data-element_type=\"container\" data-e-type=\"container\">\n\t\t\t\t<div class=\"elementor-element elementor-element-facb603 elementor-widget elementor-widget-page-banner\" data-id=\"facb603\" data-element_type=\"widget\" data-e-type=\"widget\" data-widget_type=\"page-banner.default\">\n\t\t\t\t<div class=\"elementor-widget-container\">\n\t\t\t\t\t\r\n        <div class=\"breadcumb-area about\" data-src=\"\">\r\n            <div class=\"container\">\r\n                <div class=\"row\">\r\n                    <div class=\"col-lg-12\">\r\n                        <div class=\"breadcumb-content\">\r\n                            <h4>Blog Grid<\/h4>\r\n                                                        <ul class=\"breadcumb-list\">\r\n                                <li><a href=\"\/fr\/index.html\/\">Accueil<\/a><\/li>\r\n                                <li class=\"list-arrow\">&lt;<\/li>\r\n                                <li>Blog Grid<\/li>\r\n                            <\/ul>\r\n                                                    <\/div>\r\n                    <\/div>\r\n                <\/div>\r\n            <\/div>\r\n        <\/div>\r\n\r\n    \t\t\t\t<\/div>\n\t\t\t\t<\/div>\n\t\t\t\t<\/div>\n\t\t<div class=\"elementor-element elementor-element-763930d e-con-full e-flex e-con e-parent\" data-id=\"763930d\" data-element_type=\"container\" data-e-type=\"container\">\n\t\t\t\t<div class=\"elementor-element elementor-element-73c5b2a elementor-widget elementor-widget-blogpost\" data-id=\"73c5b2a\" data-element_type=\"widget\" data-e-type=\"widget\" data-widget_type=\"blogpost.default\">\n\t\t\t\t<div class=\"elementor-widget-container\">\n\t\t\t\t\t\r\n        \r\n        \r\n        <div class=\"blog-area blog-post-style style-grid\">\r\n            <div class=\"container\">\r\n                <div class=\"row\">\r\n                                            <div class=\"col-lg-4 col-md-6\">\r\n                            <div class=\"single-blog-box\">\r\n                                <div class=\"single-blog-thumb\">\r\n                                    <img fetchpriority=\"high\" decoding=\"async\" width=\"2560\" height=\"1707\" src=\"https:\/\/ramassageenviro.com\/wp-content\/uploads\/2024\/08\/debris-article-scaled.jpg\" class=\"attachment-791 size-791 wp-post-image\" alt=\"\" thumbnail=\"\" srcset=\"https:\/\/ramassageenviro.com\/wp-content\/uploads\/2024\/08\/debris-article-scaled.jpg 2560w, https:\/\/ramassageenviro.com\/wp-content\/uploads\/2024\/08\/debris-article-300x200.jpg 300w, https:\/\/ramassageenviro.com\/wp-content\/uploads\/2024\/08\/debris-article-1024x683.jpg 1024w, https:\/\/ramassageenviro.com\/wp-content\/uploads\/2024\/08\/debris-article-768x512.jpg 768w, https:\/\/ramassageenviro.com\/wp-content\/uploads\/2024\/08\/debris-article-1536x1024.jpg 1536w, https:\/\/ramassageenviro.com\/wp-content\/uploads\/2024\/08\/debris-article-2048x1365.jpg 2048w, https:\/\/ramassageenviro.com\/wp-content\/uploads\/2024\/08\/debris-article-18x12.jpg 18w\" sizes=\"(max-width: 2560px) 100vw, 2560px\" \/>                                <\/div>\r\n                                <div class=\"blog-box-content\">\r\n                                   <div class=\"meta-blog\">\r\n                                      <a href=\"https:\/\/ramassageenviro.com\/fr\/how-proper-debris-removal-enhances-safety-and-aesthetics\/\"><span><i class=\"far fa-user\"><\/i>By admin<\/span><\/a>\r\n                                      <p><span><img decoding=\"async\" src=\"https:\/\/ramassageenviro.com\/wp-content\/themes\/solutek\/assets\/images\/inner\/grid-calen.png\" alt=\"icon\"><\/span><span>F\u00e9v 8, 2025<\/span><\/p>\r\n                                    <\/div>\r\n                                    <h3><a href=\"https:\/\/ramassageenviro.com\/fr\/how-proper-debris-removal-enhances-safety-and-aesthetics\/\">Comment l'\u00e9limination appropri\u00e9e des d\u00e9bris am\u00e9liore la s\u00e9curit\u00e9 et l'esth\u00e9tique                                    <\/a><\/h3>\r\n                                    <div class=\"blog-button\">\r\n                                        <a href=\"https:\/\/ramassageenviro.com\/fr\/how-proper-debris-removal-enhances-safety-and-aesthetics\/\">READ MORE<i class=\"bi bi-arrow-right\"><\/i><\/a>\r\n                                    <\/div>\r\n                                <\/div>\r\n                            <\/div>\r\n                        <\/div>\r\n                                             <div class=\"col-lg-4 col-md-6\">\r\n                            <div class=\"single-blog-box\">\r\n                                <div class=\"single-blog-thumb\">\r\n                                    <img decoding=\"async\" width=\"2560\" height=\"1707\" src=\"https:\/\/ramassageenviro.com\/wp-content\/uploads\/2025\/02\/parking-lot-commerical-cleaning-blog-scaled.jpg\" class=\"attachment-2341 size-2341 wp-post-image\" alt=\"\" thumbnail=\"\" srcset=\"https:\/\/ramassageenviro.com\/wp-content\/uploads\/2025\/02\/parking-lot-commerical-cleaning-blog-scaled.jpg 2560w, https:\/\/ramassageenviro.com\/wp-content\/uploads\/2025\/02\/parking-lot-commerical-cleaning-blog-300x200.jpg 300w, https:\/\/ramassageenviro.com\/wp-content\/uploads\/2025\/02\/parking-lot-commerical-cleaning-blog-1024x683.jpg 1024w, https:\/\/ramassageenviro.com\/wp-content\/uploads\/2025\/02\/parking-lot-commerical-cleaning-blog-768x512.jpg 768w, https:\/\/ramassageenviro.com\/wp-content\/uploads\/2025\/02\/parking-lot-commerical-cleaning-blog-1536x1024.jpg 1536w, https:\/\/ramassageenviro.com\/wp-content\/uploads\/2025\/02\/parking-lot-commerical-cleaning-blog-2048x1365.jpg 2048w, https:\/\/ramassageenviro.com\/wp-content\/uploads\/2025\/02\/parking-lot-commerical-cleaning-blog-18x12.jpg 18w\" sizes=\"(max-width: 2560px) 100vw, 2560px\" \/>                                <\/div>\r\n                                <div class=\"blog-box-content\">\r\n                                   <div class=\"meta-blog\">\r\n                                      <a href=\"https:\/\/ramassageenviro.com\/fr\/commercial-industrial-parking-lot-cleaning-professional-solutions-for-your-business\/\"><span><i class=\"far fa-user\"><\/i>By admin<\/span><\/a>\r\n                                      <p><span><img decoding=\"async\" src=\"https:\/\/ramassageenviro.com\/wp-content\/themes\/solutek\/assets\/images\/inner\/grid-calen.png\" alt=\"icon\"><\/span><span>Jan 30, 2025<\/span><\/p>\r\n                                    <\/div>\r\n                                    <h3><a href=\"https:\/\/ramassageenviro.com\/fr\/commercial-industrial-parking-lot-cleaning-professional-solutions-for-your-business\/\">Nettoyage de parkings commerciaux et industriels : des solutions professionnelles pour votre entreprise                                    <\/a><\/h3>\r\n                                    <div class=\"blog-button\">\r\n                                        <a href=\"https:\/\/ramassageenviro.com\/fr\/commercial-industrial-parking-lot-cleaning-professional-solutions-for-your-business\/\">READ MORE<i class=\"bi bi-arrow-right\"><\/i><\/a>\r\n                                    <\/div>\r\n                                <\/div>\r\n                            <\/div>\r\n                        <\/div>\r\n                                             <div class=\"col-lg-4 col-md-6\">\r\n                            <div class=\"single-blog-box\">\r\n                                <div class=\"single-blog-thumb\">\r\n                                    <img decoding=\"async\" width=\"2560\" height=\"1348\" src=\"https:\/\/ramassageenviro.com\/wp-content\/uploads\/2025\/02\/parking-lot-cleaning-blog-scaled.jpg\" class=\"attachment-2337 size-2337 wp-post-image\" alt=\"\" thumbnail=\"\" srcset=\"https:\/\/ramassageenviro.com\/wp-content\/uploads\/2025\/02\/parking-lot-cleaning-blog-scaled.jpg 2560w, https:\/\/ramassageenviro.com\/wp-content\/uploads\/2025\/02\/parking-lot-cleaning-blog-300x158.jpg 300w, https:\/\/ramassageenviro.com\/wp-content\/uploads\/2025\/02\/parking-lot-cleaning-blog-1024x539.jpg 1024w, https:\/\/ramassageenviro.com\/wp-content\/uploads\/2025\/02\/parking-lot-cleaning-blog-768x404.jpg 768w, https:\/\/ramassageenviro.com\/wp-content\/uploads\/2025\/02\/parking-lot-cleaning-blog-1536x809.jpg 1536w, https:\/\/ramassageenviro.com\/wp-content\/uploads\/2025\/02\/parking-lot-cleaning-blog-2048x1078.jpg 2048w, https:\/\/ramassageenviro.com\/wp-content\/uploads\/2025\/02\/parking-lot-cleaning-blog-18x9.jpg 18w\" sizes=\"(max-width: 2560px) 100vw, 2560px\" \/>                                <\/div>\r\n                                <div class=\"blog-box-content\">\r\n                                   <div class=\"meta-blog\">\r\n                                      <a href=\"https:\/\/ramassageenviro.com\/fr\/parking-lot-cleaning-services-keeping-your-property-clean-and-safe\/\"><span><i class=\"far fa-user\"><\/i>By admin<\/span><\/a>\r\n                                      <p><span><img decoding=\"async\" src=\"https:\/\/ramassageenviro.com\/wp-content\/themes\/solutek\/assets\/images\/inner\/grid-calen.png\" alt=\"icon\"><\/span><span>Jan 26, 2025<\/span><\/p>\r\n                                    <\/div>\r\n                                    <h3><a href=\"https:\/\/ramassageenviro.com\/fr\/parking-lot-cleaning-services-keeping-your-property-clean-and-safe\/\">Services de nettoyage de parkings : gardez votre propri\u00e9t\u00e9 propre et s\u00fbre                                    <\/a><\/h3>\r\n                                    <div class=\"blog-button\">\r\n                                        <a href=\"https:\/\/ramassageenviro.com\/fr\/parking-lot-cleaning-services-keeping-your-property-clean-and-safe\/\">READ MORE<i class=\"bi bi-arrow-right\"><\/i><\/a>\r\n                                    <\/div>\r\n                                <\/div>\r\n                            <\/div>\r\n                        <\/div>\r\n                                             <div class=\"col-lg-4 col-md-6\">\r\n                            <div class=\"single-blog-box\">\r\n                                <div class=\"single-blog-thumb\">\r\n                                    <img loading=\"lazy\" decoding=\"async\" width=\"2560\" height=\"1649\" src=\"https:\/\/ramassageenviro.com\/wp-content\/uploads\/2024\/08\/eco-cleaning-article-scaled.jpg\" class=\"attachment-219 size-219 wp-post-image\" alt=\"\" thumbnail=\"\" srcset=\"https:\/\/ramassageenviro.com\/wp-content\/uploads\/2024\/08\/eco-cleaning-article-scaled.jpg 2560w, https:\/\/ramassageenviro.com\/wp-content\/uploads\/2024\/08\/eco-cleaning-article-300x193.jpg 300w, https:\/\/ramassageenviro.com\/wp-content\/uploads\/2024\/08\/eco-cleaning-article-1024x659.jpg 1024w, https:\/\/ramassageenviro.com\/wp-content\/uploads\/2024\/08\/eco-cleaning-article-768x495.jpg 768w, https:\/\/ramassageenviro.com\/wp-content\/uploads\/2024\/08\/eco-cleaning-article-1536x989.jpg 1536w, https:\/\/ramassageenviro.com\/wp-content\/uploads\/2024\/08\/eco-cleaning-article-2048x1319.jpg 2048w, https:\/\/ramassageenviro.com\/wp-content\/uploads\/2024\/08\/eco-cleaning-article-18x12.jpg 18w\" sizes=\"(max-width: 2560px) 100vw, 2560px\" \/>                                <\/div>\r\n                                <div class=\"blog-box-content\">\r\n                                   <div class=\"meta-blog\">\r\n                                      <a href=\"https:\/\/ramassageenviro.com\/fr\/the-importance-of-eco-friendly-cleaning-in-urban-spaces\/\"><span><i class=\"far fa-user\"><\/i>By admin<\/span><\/a>\r\n                                      <p><span><img decoding=\"async\" src=\"https:\/\/ramassageenviro.com\/wp-content\/themes\/solutek\/assets\/images\/inner\/grid-calen.png\" alt=\"icon\"><\/span><span>Oct 11, 2024<\/span><\/p>\r\n                                    <\/div>\r\n                                    <h3><a href=\"https:\/\/ramassageenviro.com\/fr\/the-importance-of-eco-friendly-cleaning-in-urban-spaces\/\">L'importance du nettoyage \u00e9cologique dans les espaces urbains                                    <\/a><\/h3>\r\n                                    <div class=\"blog-button\">\r\n                                        <a href=\"https:\/\/ramassageenviro.com\/fr\/the-importance-of-eco-friendly-cleaning-in-urban-spaces\/\">READ MORE<i class=\"bi bi-arrow-right\"><\/i><\/a>\r\n                                    <\/div>\r\n                                <\/div>\r\n                            <\/div>\r\n                        <\/div>\r\n                                     <\/div>\r\n            <\/div>\r\n        <\/div>\r\n\r\n        \r\n\r\n        \r\n\r\n       \t\t\t\t<\/div>\n\t\t\t\t<\/div>\n\t\t\t\t<\/div>\n\t\t\t\t<\/div>","protected":false},"excerpt":{"rendered":"<p>Blog Grid Home &lt; Blog Grid By solutek Aug 10, 2024 Balancing AI Innovation with Ethical Standards READ MORE By solutek Aug 10, 2024 Your Business Safe &amp; Ensure High Handiness READ MORE By solutek Aug 10, 2024 UX\/UI Designing the Future Web Design READ MORE By solutek Aug 10, 2024 How to Create Modern [&hellip;]<\/p>","protected":false},"author":1,"featured_media":0,"parent":0,"menu_order":0,"comment_status":"closed","ping_status":"closed","template":"elementor_header_footer","meta":{"_acf_changed":true,"_monsterinsights_skip_tracking":false,"_monsterinsights_sitenote_active":false,"_monsterinsights_sitenote_note":"","_monsterinsights_sitenote_category":0,"footnotes":""},"class_list":["post-336","page","type-page","status-publish","hentry"],"acf":[],"aioseo_notices":[],"_links":{"self":[{"href":"https:\/\/ramassageenviro.com\/fr\/wp-json\/wp\/v2\/pages\/336","targetHints":{"allow":["GET"]}}],"collection":[{"href":"https:\/\/ramassageenviro.com\/fr\/wp-json\/wp\/v2\/pages"}],"about":[{"href":"https:\/\/ramassageenviro.com\/fr\/wp-json\/wp\/v2\/types\/page"}],"author":[{"embeddable":true,"href":"https:\/\/ramassageenviro.com\/fr\/wp-json\/wp\/v2\/users\/1"}],"replies":[{"embeddable":true,"href":"https:\/\/ramassageenviro.com\/fr\/wp-json\/wp\/v2\/comments?post=336"}],"version-history":[{"count":1,"href":"https:\/\/ramassageenviro.com\/fr\/wp-json\/wp\/v2\/pages\/336\/revisions"}],"predecessor-version":[{"id":804,"href":"https:\/\/ramassageenviro.com\/fr\/wp-json\/wp\/v2\/pages\/336\/revisions\/804"}],"wp:attachment":[{"href":"https:\/\/ramassageenviro.com\/fr\/wp-json\/wp\/v2\/media?parent=336"}],"curies":[{"name":"wp","href":"https:\/\/api.w.org\/{rel}","templated":true}]}}